{"id":2080,"date":"2019-09-17T22:19:30","date_gmt":"2019-09-17T20:19:30","guid":{"rendered":"https:\/\/www.parisversailles.com\/site\/?page_id=2080"},"modified":"2019-09-22T20:48:56","modified_gmt":"2019-09-22T18:48:56","slug":"liste-des-exposants-2019","status":"publish","type":"page","link":"https:\/\/www.parisversailles.com\/site\/liste-des-exposants-2019\/","title":{"rendered":"Liste des exposants en 2019"},"content":{"rendered":"<h2>Liste des exposants 2019<\/h2>\n<div class=\"one_half rnr-column\"><div data-effect=\"fadeInUp\" id=\"service-features-1909449849\" class=\"service-features animated rnr-animate\"><div class=\"img-container\"><i class=\"fa fa-map\"><\/i><\/div>  <h3>Plan du Village Expo<\/h3>                <p>\n<a href=\"http:\/\/www.parisversailles.com\/docs\/Paris-Versailles_2019_plan_Village-Expo.pdf\" target=\"_blank\" rel=\"noopener\">Retrouvez le plan au format PDF<\/a><br \/>\n<\/p><\/div><\/div>\n<div class=\"one_half rnr-column last\">\n<p><img loading=\"lazy\" decoding=\"async\" class=\"alignleft wp-image-1037 size-medium portfolio-lazyLoad\" src=\"http:\/\/www.parisversailles.com\/site\/wp-content\/uploads\/2016_village-300x200.jpg\" data-original=\"http:\/\/www.parisversailles.com\/site\/wp-content\/uploads\/2016_village-300x200.jpg\" width=\"300\" height=\"200\" srcset=\"https:\/\/www.parisversailles.com\/site\/wp-content\/uploads\/2016_village-300x200.jpg 300w, https:\/\/www.parisversailles.com\/site\/wp-content\/uploads\/2016_village-768x512.jpg 768w, https:\/\/www.parisversailles.com\/site\/wp-content\/uploads\/2016_village-1030x686.jpg 1030w, https:\/\/www.parisversailles.com\/site\/wp-content\/uploads\/2016_village.jpg 1064w\" sizes=\"auto, (max-width: 300px) 100vw, 300px\" \/><noscript><img loading=\"lazy\" decoding=\"async\" class=\"alignleft wp-image-1037 size-medium portfolio-lazyLoad\" src=\"http:\/\/www.parisversailles.com\/site\/wp-content\/uploads\/2016_village-300x200.jpg\" width=\"300\" height=\"200\" srcset=\"https:\/\/www.parisversailles.com\/site\/wp-content\/uploads\/2016_village-300x200.jpg 300w, https:\/\/www.parisversailles.com\/site\/wp-content\/uploads\/2016_village-768x512.jpg 768w, https:\/\/www.parisversailles.com\/site\/wp-content\/uploads\/2016_village-1030x686.jpg 1030w, https:\/\/www.parisversailles.com\/site\/wp-content\/uploads\/2016_village.jpg 1064w\" sizes=\"auto, (max-width: 300px) 100vw, 300px\" \/><\/noscript><\/p>\n<p><\/div><div class=\"clear\"><\/div>\n<div data-effect=\"fadeInUp\" class=\"accordion rnr-animate animated\" rel=\"1\"><div class=\"accordion-title\"><h3><span><\/span><a href=\"#\">Partenaires<\/a><\/h3><\/div><div class=\"accordion-inner\"><table class='tablepva'><tr><th>Exposant<\/th><th>Description<\/th><\/tr><tr><td class='first'>Office du Tourisme de Versailles<br \/><br \/><a href='http:\/\/www.versailles-tourisme.com' target='_blank'><img src=\"\/images\/village\/PVA2018_logo_000249.jpg\" data-original=\"\/images\/village\/PVA2018_logo_000249.jpg\" alt='logo Office du Tourisme de Versailles' border='0' \/><noscript><img src=\"\/images\/village\/PVA2018_logo_000249.jpg\" alt='logo Office du Tourisme de Versailles' border='0' \/><\/noscript><\/a><\/td><td><p>Une \u00e9quipe a votre service pour rendre votre s\u00e9jour \u00e0 Versailles inoubliable ! Nos Conseillers en S\u00e9jour vous donneront des conseils personnalises pour que vous profitiez de Versailles comme un Versaillais : visites, expositions, spectacles, restaurants, shopping et loisirs !<br \/><br \/>Plus d'informations sur <a href='http:\/\/www.versailles-tourisme.com' target='_blank'>www.versailles-tourisme.com<\/a><\/p><\/td><\/tr><tr><td class='first'>Sports Akile\u00efne<br \/><br \/><a href='http:\/\/www.asepta.com' target='_blank'><img src=\"\/images\/village\/PVA2019_logo_000275.png\" data-original=\"\/images\/village\/PVA2019_logo_000275.png\" alt='logo Sports Akile\u00efne' border='0' \/><noscript><img src=\"\/images\/village\/PVA2019_logo_000275.png\" alt='logo Sports Akile\u00efne' border='0' \/><\/noscript><\/a><\/td><td><p>Associer performance et confort, c'est l'objectif de SPORTS AKILEINE qui propose une vaste gamme de produits efficaces et adaptes a toutes les attentes du sportif, quel que soit leur niveau et leur pratique. Grace \u00e0 SPORTS AKILEINE votre r\u00e9compense c\u2019est votre performance !<br \/><br \/>Plus d'informations sur <a href='http:\/\/www.asepta.com' target='_blank'>www.asepta.com<\/a><\/p><\/td><\/tr><tr><td class='first'>Transilien SNCF Ligne C<br \/><br \/><a href='http:\/\/www.parisversailles.com\/preparation_transports.php' target='_blank'><img src=\"\/images\/village\/PVA2019_logo_000270.png\" data-original=\"\/images\/village\/PVA2019_logo_000270.png\" alt='logo Transilien SNCF Ligne C' border='0' \/><noscript><img src=\"\/images\/village\/PVA2019_logo_000270.png\" alt='logo Transilien SNCF Ligne C' border='0' \/><\/noscript><\/a><\/td><td><p>RER C fournisseur transport de la course Paris Versailles<br \/><br \/>Plus d'informations sur <a href='http:\/\/www.parisversailles.com\/preparation_transports.php' target='_blank'>www.parisversailles.com\/preparation_transports.php<\/a><\/p><\/td><\/tr><\/table><\/div><div class=\"accordion-title portfolio-lazyLoad\"><h3><span><\/span><a href=\"#\">Associations caritatives<\/a><\/h3><\/div><div class=\"accordion-inner\"><table class='tablepva'><tr><th>Exposant<\/th><th>Description<\/th><\/tr><tr><td class='first'>L'Etoile de Martin<br \/><br \/><a href='http:\/\/www.letoiledemartin.org' target='_blank'><img src=\"\/images\/village\/PVA2018_logo_000252.jpg\" data-original=\"\/images\/village\/PVA2018_logo_000252.jpg\" alt='logo L'Etoile de Martin' border='0' \/><noscript><img src=\"\/images\/village\/PVA2018_logo_000252.jpg\" alt='logo L'Etoile de Martin' border='0' \/><\/noscript><\/a><\/td><td><p>UN ENFANT SUR 440 SERA TOUCH\u00c9 PAR UN CANCER AVANT L'\u00c2GE DE 15 ANS\r\nL'association, reconnue d'int\u00e9r\u00eat g\u00e9n\u00e9ral, soutient la recherche sur les cancers de l'enfant et offre des moments de plaisir et de d\u00e9tente \u00e0 des enfants hospitalis\u00e9s. \r\nElle a \u00e9t\u00e9 fond\u00e9e en septembre 2006 \u00e0 la suite du d\u00e9c\u00e8s de Martin, atteint d'une tumeur au cerveau. \r\nL'association est compos\u00e9e uniquement de B\u00c9N\u00c9VOLES et f\u00e9d\u00e8re et accueille des familles concern\u00e9es par la maladie d'un enfant, mais \u00e9galement toute personne touch\u00e9e par la cause et souhaitant s'engager \u00e0 ses c\u00f4t\u00e9s.<br \/><br \/>Plus d'informations sur <a href='http:\/\/www.letoiledemartin.org' target='_blank'>www.letoiledemartin.org<\/a><\/p><\/td><\/tr><tr><td class='first'>La fondation des femmes<br \/><br \/><a href='http:\/\/fondationdesfemmes.org' target='_blank'><img src=\"\/images\/village\/PVA2019_logo_000283.jpg\" data-original=\"\/images\/village\/PVA2019_logo_000283.jpg\" alt='logo La fondation des femmes' border='0' \/><noscript><img src=\"\/images\/village\/PVA2019_logo_000283.jpg\" alt='logo La fondation des femmes' border='0' \/><\/noscript><\/a><\/td><td><p>La fondation des femmes est la fondation de r\u00e9f\u00e9rence en droits des femmes. Chaque ann\u00e9e, elle  organise la Nuit des Relais, une course solidaire contre les violences faites aux femmes dont 100 % des b\u00e9n\u00e9fices sont revers\u00e9s aux associations de terrain.<br \/><br \/>Plus d'informations sur <a href='http:\/\/fondationdesfemmes.org' target='_blank'>fondationdesfemmes.org<\/a><\/p><\/td><\/tr><\/table><\/div><div class=\"accordion-title portfolio-lazyLoad\"><h3><span><\/span><a href=\"#\">Exposants<\/a><\/h3><\/div><div class=\"accordion-inner\"><table class='tablepva'><tr><th>Exposant<\/th><th>Description<\/th><\/tr><tr><td class='first'>AFTERSHOKZ<br \/><br \/><a href='http:\/\/www.accessoires-running.com' target='_blank'><img src=\"\/images\/village\/PVA2019_logo_000284.jpg\" data-original=\"\/images\/village\/PVA2019_logo_000284.jpg\" alt='logo AFTERSHOKZ' border='0' \/><noscript><img src=\"\/images\/village\/PVA2019_logo_000284.jpg\" alt='logo AFTERSHOKZ' border='0' \/><\/noscript><\/a><\/td><td><p>V\u00e9ritable r\u00e9volution, les casques a conduction osseuse Aftershokz font maintenant partie int\u00e9grante du paysage sportif mondial.<br \/><br \/>Plus d'informations sur <a href='http:\/\/www.accessoires-running.com' target='_blank'>www.accessoires-running.com<\/a><\/p><\/td><\/tr><tr><td class='first'>Distinctio<br \/><br \/><a href='http:\/\/www.distinctio.fr' target='_blank'><img src=\"\/images\/village\/logo_distinctio.png\" data-original=\"\/images\/village\/logo_distinctio.png\" alt='logo Distinctio' border='0' \/><noscript><img src=\"\/images\/village\/logo_distinctio.png\" alt='logo Distinctio' border='0' \/><\/noscript><\/a><\/td><td><p><br \/><br \/>Plus d'informations sur <a href='http:\/\/www.distinctio.fr' target='_blank'>www.distinctio.fr<\/a><\/p><\/td><\/tr><tr><td class='first'>GU Energy + Clif Bar<br \/><br \/><a href='http:\/\/www.guenergy.fr' target='_blank'><img src=\"\/images\/village\/PVA2019_logo_000269.png\" data-original=\"\/images\/village\/PVA2019_logo_000269.png\" alt='logo GU Energy + Clif Bar' border='0' \/><noscript><img src=\"\/images\/village\/PVA2019_logo_000269.png\" alt='logo GU Energy + Clif Bar' border='0' \/><\/noscript><\/a><\/td><td><p>GU Energy est le leader mondial dans la production et la distribution de gels \u00e9nerg\u00e9tiques pour les athl\u00e8tes depuis plus de 20 ans. Chaque ingr\u00e9dient pr\u00e9sent dans les produits a une fonction bien sp\u00e9cifique qui leur conf\u00e8re des propri\u00e9t\u00e9s id\u00e9ales pour l\u2019athl\u00e8te en combinant \u00e9nergie efficace et saveur d\u00e9licieuse. CLIF Bar est une d\u00e9licieuse barre \u00e9nerg\u00e9tique cr\u00e9\u00e9e pour les personnes qui respectent leur corps et le monde autour deux.<br \/><br \/>Plus d'informations sur <a href='http:\/\/www.guenergy.fr' target='_blank'>www.guenergy.fr<\/a><\/p><\/td><\/tr><tr><td class='first'>MX3 Extreme<br \/><br \/><a href='http:\/\/www.mx3.fr\/fr\/' target='_blank'><img src=\"\/images\/village\/PVA2019_logo_000267.jpg\" data-original=\"\/images\/village\/PVA2019_logo_000267.jpg\" alt='logo MX3 Extreme' border='0' \/><noscript><img src=\"\/images\/village\/PVA2019_logo_000267.jpg\" alt='logo MX3 Extreme' border='0' \/><\/noscript><\/a><\/td><td><p>La gamme MX3 Extreme a \u00e9t\u00e9 con\u00e7ue pour accompagner les sportifs d'endurance : coureurs, cyclistes, triathl\u00e8tes, traileurs... Cr\u00e9\u00e9e il y a 10 ans, elle a \u00e9t\u00e9 \u00e9prouv\u00e9e et valid\u00e9e par de nombreux sportifs, amateurs et professionnels, que nous accompagnons au quotidien.<br \/><br \/>Plus d'informations sur <a href='http:\/\/www.mx3.fr\/fr\/' target='_blank'>www.mx3.fr\/fr\/<\/a><\/p><\/td><\/tr><tr><td class='first'>Overstim.s<br \/><br \/><a href='http:\/\/www.overstims.com' target='_blank'><img src=\"\/images\/village\/PVA2019_logo_000266.jpg\" data-original=\"\/images\/village\/PVA2019_logo_000266.jpg\" alt='logo Overstim.s' border='0' \/><noscript><img src=\"\/images\/village\/PVA2019_logo_000266.jpg\" alt='logo Overstim.s' border='0' \/><\/noscript><\/a><\/td><td><p>Depuis plus de 35 ans OVERSTIM.s, marque Fran\u00e7aise bas\u00e9e en Bretagne, s\u2019attache a r\u00e9pondre avec pr\u00e9cision aux besoins sp\u00e9cifiques des sportifs en fonction du sport pratique, de sa dur\u00e9e et de son intensit\u00e9 avec une gamme de produits nutritionnels de haute qualit\u00e9.<br \/><br \/>Plus d'informations sur <a href='http:\/\/www.overstims.com' target='_blank'>www.overstims.com<\/a><\/p><\/td><\/tr><tr><td class='first'>REGARD EVASION<br \/><br \/><a href='http:\/\/regardevasion.fr' target='_blank'><img src=\"\/images\/village\/PVA2019_logo_000268.jpg\" data-original=\"\/images\/village\/PVA2019_logo_000268.jpg\" alt='logo REGARD EVASION' border='0' \/><noscript><img src=\"\/images\/village\/PVA2019_logo_000268.jpg\" alt='logo REGARD EVASION' border='0' \/><\/noscript><\/a><\/td><td><p>Opticien sp\u00e9cialise dans la lunette de sport \u00e0 la vue, diversit\u00e9 d'offre de marques et possibilit\u00e9 de la 2eme paire \u00e0 la vue<br \/><br \/>Plus d'informations sur <a href='http:\/\/regardevasion.fr' target='_blank'>regardevasion.fr<\/a><\/p><\/td><\/tr><tr><td class='first'>Shapeheart<br \/><br \/><a href='http:\/\/www.shapeheart.com' target='_blank'><img src=\"\/images\/village\/PVA2018_logo_000242.png\" data-original=\"\/images\/village\/PVA2018_logo_000242.png\" alt='logo Shapeheart' border='0' \/><noscript><img src=\"\/images\/village\/PVA2018_logo_000242.png\" alt='logo Shapeheart' border='0' \/><\/noscript><\/a><\/td><td><p>Les premiers accessoires de sport magn\u00e9tiques qui vous permettent d'acc\u00e9der \u00e0 votre smartphone en toute simplicit\u00e9, m\u00eame pendant votre effort.<br \/><br \/>Plus d'informations sur <a href='http:\/\/www.shapeheart.com' target='_blank'>www.shapeheart.com<\/a><\/p><\/td><\/tr><\/table><\/div><div class=\"accordion-title portfolio-lazyLoad\"><h3><span><\/span><a href=\"#\">Courses<\/a><\/h3><\/div><div class=\"accordion-inner\"><table class='tablepva'><tr><th>Exposant<\/th><th>Description<\/th><\/tr><tr><td class='first'>Corrida de No\u00ebl d'Issy-les-Moulineaux<br \/><br \/><a href='http:\/\/www.corrida-noel-issy.com\/' target='_blank'><img src=\"\/images\/village\/PVA2019_logo_000277.png\" data-original=\"\/images\/village\/PVA2019_logo_000277.png\" alt='logo Corrida de No\u00ebl d'Issy-les-Moulineaux' border='0' \/><noscript><img src=\"\/images\/village\/PVA2019_logo_000277.png\" alt='logo Corrida de No\u00ebl d'Issy-les-Moulineaux' border='0' \/><\/noscript><\/a><\/td><td><p>La course des P\u00e8res No\u00ebl la plus connue de France revient le 15 d\u00e9cembre pour sa 42e \u00e9dition ! Un programme pour toute la famille et tous les niveaux, marcheurs, randonneurs, novices ou confirmes. La matin\u00e9e sera anim\u00e9e de quatre courses adultes dont une randonn\u00e9e, les traditionnels 5 km, 10km chrono et 10km des p\u00e8res no\u00ebl sans oublier les petits lutins avec deux courses enfants (1.5km et 3km).<br \/><br \/>Plus d'informations sur <a href='http:\/\/www.corrida-noel-issy.com\/' target='_blank'>www.corrida-noel-issy.com\/<\/a><\/p><\/td><\/tr><tr><td class='first'>Corrida de Thiais<br \/><br \/><a href='http:\/\/www.corridadethiais.com' target='_blank'><img src=\"\/images\/village\/PVA2018_logo_000251.jpg\" data-original=\"\/images\/village\/PVA2018_logo_000251.jpg\" alt='logo Corrida de Thiais' border='0' \/><noscript><img src=\"\/images\/village\/PVA2018_logo_000251.jpg\" alt='logo Corrida de Thiais' border='0' \/><\/noscript><\/a><\/td><td><p>Une voiture Suzuki Celerio \u00e0 gagner par tirage au sort  un cadeau surprise \u00e0 tous les coureurs d\u00e9guis\u00e9s.<br \/><br \/>Plus d'informations sur <a href='http:\/\/www.corridadethiais.com' target='_blank'>www.corridadethiais.com<\/a><\/p><\/td><\/tr><tr><td class='first'>Eco-Trail Paris<br \/><br \/><a href='http:\/\/paris.ecotrail.com' target='_blank'><img src=\"\/images\/village\/PVA2019_logo_000274.jpg\" data-original=\"\/images\/village\/PVA2019_logo_000274.jpg\" alt='logo Eco-Trail Paris' border='0' \/><noscript><img src=\"\/images\/village\/PVA2019_logo_000274.jpg\" alt='logo Eco-Trail Paris' border='0' \/><\/noscript><\/a><\/td><td><p>Premi\u00e8re course nature en milieu urbain, l'EcoTrail Paris vous propose de d\u00e9couvrir la richesse du patrimoine naturel et culturel francilien. Rendez-vous du 14 au 17 mars 2019 pour c\u00e9l\u00e9brer notre 12\u00e8me \u00e9dition ! Au programme, des \u00e9preuves pour tous : trails (80km \/ 45km \/ 30km \/ 18km), randos marches nordiques et course d'escaliers avec la Verticale de la tour Eiffel<br \/><br \/>Plus d'informations sur <a href='http:\/\/paris.ecotrail.com' target='_blank'>paris.ecotrail.com<\/a><\/p><\/td><\/tr><tr><td class='first'>L.I.F.A. \/ C.R.C.H.S.<br \/><br \/><a href='http:\/\/lifa.athle.org' target='_blank'><img src=\"\/images\/village\/PVA2019_logo_000273.jpg\" data-original=\"\/images\/village\/PVA2019_logo_000273.jpg\" alt='logo L.I.F.A. \/ C.R.C.H.S.' border='0' \/><noscript><img src=\"\/images\/village\/PVA2019_logo_000273.jpg\" alt='logo L.I.F.A. \/ C.R.C.H.S.' border='0' \/><\/noscript><\/a><\/td><td><p>La Ligue de l'Ile-de-France d'Athl\u00e9tisme promeut le d\u00e9veloppement de l\u2019athl\u00e9tisme sur toute la r\u00e9gion d'Ile-de-France.<br \/><br \/>Plus d'informations sur <a href='http:\/\/lifa.athle.org' target='_blank'>lifa.athle.org<\/a><\/p><\/td><\/tr><tr><td class='first'>Marathon et 10KM de S\u00e9nart<br \/><br \/><a href='http:\/\/www.marathon-senart.com' target='_blank'><img src=\"\/images\/village\/PVA2019_logo_000272.PNG\" data-original=\"\/images\/village\/PVA2019_logo_000272.PNG\" alt='logo Marathon et 10KM de S\u00e9nart' border='0' \/><noscript><img src=\"\/images\/village\/PVA2019_logo_000272.PNG\" alt='logo Marathon et 10KM de S\u00e9nart' border='0' \/><\/noscript><\/a><\/td><td><p>21\u00e8me \u00e9dition du marathon et 10km de S\u00e9nart le 1er mai 2020 ! Soyez de la f\u00eate !<br \/><br \/>Plus d'informations sur <a href='http:\/\/www.marathon-senart.com' target='_blank'>www.marathon-senart.com<\/a><\/p><\/td><\/tr><tr><td class='first'>Semi Marathon du Bois de Vincennes<br \/><br \/><a href='http:\/\/www.sportpassionorganisation.com' target='_blank'><img src=\"\/images\/village\/logo_sportpassion.png\" data-original=\"\/images\/village\/logo_sportpassion.png\" alt='logo Semi Marathon du Bois de Vincennes' border='0' \/><noscript><img src=\"\/images\/village\/logo_sportpassion.png\" alt='logo Semi Marathon du Bois de Vincennes' border='0' \/><\/noscript><\/a><\/td><td><p>Nous vous donnons rendez-vous le 20 octobre prochain pour un parcours de 21km plat et roulant au c\u0153ur du Bois de Vincennes aux couleurs d'automne.<br \/><br \/>Plus d'informations sur <a href='http:\/\/www.sportpassionorganisation.com' target='_blank'>www.sportpassionorganisation.com<\/a><\/p><\/td><\/tr><tr><td class='first'>Semi-Marathon de Boulogne-Billancourt<br \/><br \/><a href='http:\/\/www.semi-marathonbb.fr' target='_blank'><img src=\"\/images\/village\/PVA2019_logo_000279.jpg\" data-original=\"\/images\/village\/PVA2019_logo_000279.jpg\" alt='logo Semi-Marathon de Boulogne-Billancourt' border='0' \/><noscript><img src=\"\/images\/village\/PVA2019_logo_000279.jpg\" alt='logo Semi-Marathon de Boulogne-Billancourt' border='0' \/><\/noscript><\/a><\/td><td><p>Venez affoler votre chrono sur le semi-marathon de Boulogne-Billancourt le 17 novembre prochain. Le parcours de 21,095km, tr\u00e8s roulant, est propice \u00e0 de nouveaux records - id\u00e9al pour cl\u00f4turer votre saison en beaut\u00e9 !<br \/><br \/>Plus d'informations sur <a href='http:\/\/www.semi-marathonbb.fr' target='_blank'>www.semi-marathonbb.fr<\/a><\/p><\/td><\/tr><\/table><\/div><\/div>\n","protected":false},"excerpt":{"rendered":"<p>Liste des exposants 2019<\/p>\n","protected":false},"author":1,"featured_media":0,"parent":0,"menu_order":0,"comment_status":"closed","ping_status":"closed","template":"","meta":{"footnotes":""},"class_list":["post-2080","page","type-page","status-publish","hentry"],"_links":{"self":[{"href":"https:\/\/www.parisversailles.com\/site\/wp-json\/wp\/v2\/pages\/2080","targetHints":{"allow":["GET"]}}],"collection":[{"href":"https:\/\/www.parisversailles.com\/site\/wp-json\/wp\/v2\/pages"}],"about":[{"href":"https:\/\/www.parisversailles.com\/site\/wp-json\/wp\/v2\/types\/page"}],"author":[{"embeddable":true,"href":"https:\/\/www.parisversailles.com\/site\/wp-json\/wp\/v2\/users\/1"}],"replies":[{"embeddable":true,"href":"https:\/\/www.parisversailles.com\/site\/wp-json\/wp\/v2\/comments?post=2080"}],"version-history":[{"count":1,"href":"https:\/\/www.parisversailles.com\/site\/wp-json\/wp\/v2\/pages\/2080\/revisions"}],"predecessor-version":[{"id":2081,"href":"https:\/\/www.parisversailles.com\/site\/wp-json\/wp\/v2\/pages\/2080\/revisions\/2081"}],"wp:attachment":[{"href":"https:\/\/www.parisversailles.com\/site\/wp-json\/wp\/v2\/media?parent=2080"}],"curies":[{"name":"wp","href":"https:\/\/api.w.org\/{rel}","templated":true}]}}